{"id":250,"date":"2016-03-01T13:10:51","date_gmt":"2016-03-01T12:10:51","guid":{"rendered":"http:\/\/www.translator.pl\/de\/?page_id=250"},"modified":"2017-03-31T10:18:50","modified_gmt":"2017-03-31T08:18:50","slug":"dolmetschen","status":"publish","type":"page","link":"https:\/\/www.translator.pl\/de\/angebot\/dolmetschen\/","title":{"rendered":"Dolmetschen"},"content":{"rendered":"<p>Um den Bed\u00fcrfnissen unserer Kunden gerecht zu werden, stellt \u00dcbersetzungsb\u00fcro B&amp;S (translator.pl) Dolmetscher f\u00fcr verschiedene Anl\u00e4sse zur Verf\u00fcgung, wo eine professionelle Kommunikation erforderlich ist.<\/p>\n<p>Unser Angebot umfasst \u00dcbersetzungen und Dolmetscherdienste in solchen Fachgebieten wie: Handel, Buchhaltung, Finanzen, Marketing, Medizin, Technik, neue Technologien, Werbung\u00a0 und viele andere.<\/p>\n<p>Dolmetscherleistungen k\u00f6nnen in unseren B\u00fcros in Gdynia oder Gda\u0144sk sowie an jedem anderen Ort erbracht werden. Unsere Dolmetscher begleiten Sie gern zum Sitz der Firma, zur Konferenzst\u00e4tte, zum Amt, Notariat oder an einenanderenvon Ihnen gew\u00e4hlten Ort.<\/p>\n<p>Dolmetscherdienste k\u00f6nnen auch beglaubigt sein, wenn sie von einem vereidigten Dolmetscher ausgef\u00fchrt werden.<br \/>\nVereidigte Dolmetscher unterst\u00fctzen ausl\u00e4ndische Kunden bei offiziellen Anl\u00e4ssen, vor Gericht, in einer Anwaltskanzlei, Notariat und einer anderen \u00f6ffentlichen Einrichtung.<\/p>\n<p>\u00dcbersetzungsb\u00fcro B&amp;S (translator.pl) garantiert die h\u00f6chste Kommunikationsqualit\u00e4t in der Gesch\u00e4ftswelt und in jeder anderen Situation, wo eine einwandfreie Verst\u00e4ndigung gefragt ist.<\/p>\n<p>Au\u00dfer dem Vor-Ort-Dolmetschen bieten wir auch telefonische Dolmetscherdienste mit der M\u00f6glichkeit der Audio-\/Videoaufzeichnung.<\/p>\n","protected":false},"excerpt":{"rendered":"<p>Um den Bed\u00fcrfnissen unserer Kunden gerecht zu werden, stellt \u00dcbersetzungsb\u00fcro B&amp;S (translator.pl) Dolmetscher f\u00fcr verschiedene Anl\u00e4sse zur Verf\u00fcgung, wo eine professionelle Kommunikation erforderlich ist. Unser Angebot umfasst \u00dcbersetzungen und Dolmetscherdienste in solchen Fachgebieten wie: Handel, Buchhaltung, Finanzen, Marketing, Medizin, Technik, neue Technologien, Werbung\u00a0 und viele andere. Dolmetscherleistungen k\u00f6nnen in unseren B\u00fcros in Gdynia oder Gda\u0144sk [&hellip;]<\/p>\n","protected":false},"author":2,"featured_media":0,"parent":245,"menu_order":3,"comment_status":"closed","ping_status":"closed","template":"","meta":{"amp_status":""},"_links":{"self":[{"href":"https:\/\/www.translator.pl\/de\/wp-json\/wp\/v2\/pages\/250"}],"collection":[{"href":"https:\/\/www.translator.pl\/de\/wp-json\/wp\/v2\/pages"}],"about":[{"href":"https:\/\/www.translator.pl\/de\/wp-json\/wp\/v2\/types\/page"}],"author":[{"embeddable":true,"href":"https:\/\/www.translator.pl\/de\/wp-json\/wp\/v2\/users\/2"}],"replies":[{"embeddable":true,"href":"https:\/\/www.translator.pl\/de\/wp-json\/wp\/v2\/comments?post=250"}],"version-history":[{"count":2,"href":"https:\/\/www.translator.pl\/de\/wp-json\/wp\/v2\/pages\/250\/revisions"}],"predecessor-version":[{"id":666,"href":"https:\/\/www.translator.pl\/de\/wp-json\/wp\/v2\/pages\/250\/revisions\/666"}],"up":[{"embeddable":true,"href":"https:\/\/www.translator.pl\/de\/wp-json\/wp\/v2\/pages\/245"}],"wp:attachment":[{"href":"https:\/\/www.translator.pl\/de\/wp-json\/wp\/v2\/media?parent=250"}],"curies":[{"name":"wp","href":"https:\/\/api.w.org\/{rel}","templated":true}]}}