{"id":258,"date":"2016-03-01T14:16:33","date_gmt":"2016-03-01T13:16:33","guid":{"rendered":"http:\/\/www.translator.pl\/de\/?page_id=258"},"modified":"2016-08-17T10:10:12","modified_gmt":"2016-08-17T08:10:12","slug":"termine-und-preise","status":"publish","type":"page","link":"https:\/\/www.translator.pl\/de\/termine-und-preise\/","title":{"rendered":"Termine"},"content":{"rendered":"<h3>Termine<\/h3>\n<p>\u00dcbersetzungen von Urkunden mit einer L\u00e4nge von bis zu 5 Normseiten (1125 Anschl\u00e4ge) in den Grundsprachen Englisch, Polnisch und Deutsch liefern wir gew\u00f6hnlich innerhalb von 2-3 Werktagen. Bei anderen Sprachen und gr\u00f6\u00dferen Texten muss mit einer l\u00e4ngeren Frist gerechnet werden, die jeweils mit dem Kunden abgestimmt wird.<\/p>\n<p>Die Frist beginnt mit Erhalt einer \u00dcberweisungsbest\u00e4tigung \u00fcber den vereinbarten, auf unser Konto einzuzahlenden Betrag oder mit dem Augenblick unserer Auftragsbest\u00e4tigung, je nachdem, welches Ereignis fr\u00fcher eintritt. Bei der Berechnung der Frist werden nur Werktage ber\u00fccksichtigt. Der Tag der Auftragsannahme wird nicht gerechnet, es z\u00e4hlt aber der Tag, an dem die \u00dcbersetzung fertig sein soll.<\/p>\n<p>Die Eilfrist wird f\u00fcr jeden Auftrag individuell vereinbart und ist mit einem h\u00f6heren Preis verbunden.<\/p>\n<p>&nbsp;<\/p>\n","protected":false},"excerpt":{"rendered":"<p>Termine \u00dcbersetzungen von Urkunden mit einer L\u00e4nge von bis zu 5 Normseiten (1125 Anschl\u00e4ge) in den Grundsprachen Englisch, Polnisch und Deutsch liefern wir gew\u00f6hnlich innerhalb von 2-3 Werktagen. Bei anderen Sprachen und gr\u00f6\u00dferen Texten muss mit einer l\u00e4ngeren Frist gerechnet werden, die jeweils mit dem Kunden abgestimmt wird. Die Frist beginnt mit Erhalt einer \u00dcberweisungsbest\u00e4tigung [&hellip;]<\/p>\n","protected":false},"author":2,"featured_media":0,"parent":0,"menu_order":9,"comment_status":"closed","ping_status":"closed","template":"","meta":{"amp_status":""},"_links":{"self":[{"href":"https:\/\/www.translator.pl\/de\/wp-json\/wp\/v2\/pages\/258"}],"collection":[{"href":"https:\/\/www.translator.pl\/de\/wp-json\/wp\/v2\/pages"}],"about":[{"href":"https:\/\/www.translator.pl\/de\/wp-json\/wp\/v2\/types\/page"}],"author":[{"embeddable":true,"href":"https:\/\/www.translator.pl\/de\/wp-json\/wp\/v2\/users\/2"}],"replies":[{"embeddable":true,"href":"https:\/\/www.translator.pl\/de\/wp-json\/wp\/v2\/comments?post=258"}],"version-history":[{"count":3,"href":"https:\/\/www.translator.pl\/de\/wp-json\/wp\/v2\/pages\/258\/revisions"}],"predecessor-version":[{"id":542,"href":"https:\/\/www.translator.pl\/de\/wp-json\/wp\/v2\/pages\/258\/revisions\/542"}],"wp:attachment":[{"href":"https:\/\/www.translator.pl\/de\/wp-json\/wp\/v2\/media?parent=258"}],"curies":[{"name":"wp","href":"https:\/\/api.w.org\/{rel}","templated":true}]}}