{"id":320,"date":"2016-03-10T09:53:39","date_gmt":"2016-03-10T08:53:39","guid":{"rendered":"http:\/\/www.translator.pl\/de\/start\/"},"modified":"2023-07-13T15:03:43","modified_gmt":"2023-07-13T13:03:43","slug":"start","status":"publish","type":"page","link":"https:\/\/www.translator.pl\/de\/","title":{"rendered":"Start"},"content":{"rendered":"<div class=\"wrap\">\n<h2 id=\"kontaktdaten\">Kontaktdaten<\/h2>\n<div class=\"col2-set contact-columns\">\n<div>\n<h3>B\u00fcro Gdynia<\/h3>\n<p>tel. <a href=\"tel:+48586205072\">+48 58 620 50 72<\/a><br \/>\nfax +48 58 661 22 10<br \/>\nmobil: <a href=\"tel:+48883636669\">+48 883 63 66 69<\/a><br \/>\nskype: <a href=\"skype:translator.gdynia\">translator.gdynia<\/a><br \/>\nemail: <a href=\"mailto:biuro@translator.pl\">biuro@translator.pl<\/a><br \/>\nOffen Mo-Fr 8:15 &#8211; 16:00<\/p>\n<p>Biuro T\u0142umacze\u0144 B&amp;S<br \/>\nUl. Starowiejska 28pp<br \/>\n81-356 Gdynia<\/p>\n<\/div>\n<div>\n<h3>B\u00fcro Gda\u0144sk<\/h3>\n<p>tel.\/fax <a href=\"tel:+48583460291\">+48 58 346 02 91<\/a><br \/>\ntel.\/fax <a href=\"tel:+48583441605\">+48 58 344 16 05<\/a><br \/>\nmobil <a href=\"tel:+48530313717\">+48 530 313 717<\/a><br \/>\nskype: <a href=\"skype:translator.gdansk\">translator.gdansk<\/a><br \/>\nemail: <a href=\"mailto:ste@translator.pl\">ste@translator.pl<\/a><br \/>\nOffen Mo-Fr 9:00 &#8211; 16:00<\/p>\n<p>Biuro T\u0142umacze\u0144 B&amp;S<br \/>\nUl. Grunwaldzka 102 pok. 18<br \/>\n80-244 Gda\u0144sk<\/p>\n<\/div>\n<\/div>\n<\/div>\n<div class=\"dealers-map\">\n            <div class=\"map-container\"><\/div>\n            <div class=\"list-container\">\n        <div class=\"dealers-list\"><\/div>\n    <\/div>\n    <\/div>\n<div class=\"wrap\">\n<h2 id=\"zahlungen\">Zahlungen<\/h2>\n<div class=\"col2-set contact-columns\">\n<div>\n<h3>B\u00fcro Gdynia<\/h3>\n<p><a href=\"https:\/\/kalkulatormk2.translator.pl\/paylink.php?lang=deu\"><br \/>\n<img class=\"alignnone wp-image-93 size-full\" src=\"https:\/\/www.translator.pl\/wp-content\/uploads\/2016\/02\/payu.png\" alt=\"PayU\"><br \/>\n<\/a><\/p>\n<hr>\n<p>KONTOVERBINDUNG F\u00dcR \u00dcBERWEISUNGEN IN POLEN<\/p>\n<p>Name und Adresse des Kontoinhabers:<br \/>\nSKRYBA<br \/>\nUl. Starowiejska 28pp<br \/>\n81-356 Gdynia<\/p>\n<p>mBank S.A<br \/>\n80 1140 2017 0000 4502 0245 2290<\/p>\n<p>KONTOVERBINDUNG F\u00dcR AUSLANDS\u00dcBERWEISUNGEN<\/p>\n<p>Name der Bank:<br \/>\nmBank S.A.<\/p>\n<p>Anschrift der Bank:<br \/>\nLODZ, Skrytka pocztowa 2108, 90-959 \u0141\u00f3d\u017a 2<br \/>\nIBAN: PL 80 1140 2017 0000 4502 0245 2290<br \/>\nSWIFT: BREXPLPWMBK<\/p>\n<\/div>\n<div>\n<h3>B\u00fcro Gda\u0144sk<\/h3>\n<p><a href=\"http:\/\/kalkulator.translator.pl\/platnosc\/dodaj_wplate\/?lang=de&amp;biuro=258\"><img class=\"alignnone wp-image-93 size-full\" src=\"https:\/\/kalkulator.translator.pl\/data\/bluemedia.png\" alt=\"bluemedia\"><\/a><\/p>\n<hr>\n<p>KONTOVERBINDUNG F\u00dcR \u00dcBERWEISUNGEN IN POLEN<\/p>\n<p>Name und Adresse des Kontoinhabers:<br \/>\nBiuro T\u0142umacze\u0144 B&amp;S Stefan \u015awi\u0119tochowski<br \/>\nGrunwaldzka 102 pok. 18<br \/>\n80-244 Gda\u0144sk<\/p>\n<p>mBank S.A<br \/>\n17 1140 2017 0000 4802 0382 7185<\/p>\n<p>KONTOVERBINDUNG F\u00dcR AUSLANDS\u00dcBERWEISUNGEN<\/p>\n<p>Name der Bank:<br \/>\nmBank S.A.<\/p>\n<p>Anschrift der Bank:<br \/>\nLODZ, Skrytka pocztowa 2108, 90-959 \u0141\u00f3d\u017a 2<br \/>\nIBAN: PL 17 1140 2017 0000 4802 0382 7185<br \/>\nSWIFT: BREXPLPWMBK<\/p>\n<\/div>\n<\/div>\n<\/div>\n","protected":false},"excerpt":{"rendered":"<p>Kontaktdaten B\u00fcro Gdynia tel. +48 58 620 50 72 fax +48 58 661 22 10 mobil: +48 883 63 66 69 skype: translator.gdynia email: biuro@translator.pl Offen Mo-Fr 8:15 &#8211; 16:00 Biuro T\u0142umacze\u0144 B&amp;S Ul. Starowiejska 28pp 81-356 Gdynia B\u00fcro Gda\u0144sk tel.\/fax +48 58 346 02 91 tel.\/fax +48 58 344 16 05 mobil +48 530 [&hellip;]<\/p>\n","protected":false},"author":2,"featured_media":0,"parent":0,"menu_order":0,"comment_status":"closed","ping_status":"closed","template":"","meta":{"amp_status":""},"_links":{"self":[{"href":"https:\/\/www.translator.pl\/de\/wp-json\/wp\/v2\/pages\/320"}],"collection":[{"href":"https:\/\/www.translator.pl\/de\/wp-json\/wp\/v2\/pages"}],"about":[{"href":"https:\/\/www.translator.pl\/de\/wp-json\/wp\/v2\/types\/page"}],"author":[{"embeddable":true,"href":"https:\/\/www.translator.pl\/de\/wp-json\/wp\/v2\/users\/2"}],"replies":[{"embeddable":true,"href":"https:\/\/www.translator.pl\/de\/wp-json\/wp\/v2\/comments?post=320"}],"version-history":[{"count":22,"href":"https:\/\/www.translator.pl\/de\/wp-json\/wp\/v2\/pages\/320\/revisions"}],"predecessor-version":[{"id":1010,"href":"https:\/\/www.translator.pl\/de\/wp-json\/wp\/v2\/pages\/320\/revisions\/1010"}],"wp:attachment":[{"href":"https:\/\/www.translator.pl\/de\/wp-json\/wp\/v2\/media?parent=320"}],"curies":[{"name":"wp","href":"https:\/\/api.w.org\/{rel}","templated":true}]}}