{"id":804,"date":"2019-09-26T09:40:31","date_gmt":"2019-09-26T07:40:31","guid":{"rendered":"https:\/\/www.translator.pl\/?page_id=804"},"modified":"2019-09-26T09:40:31","modified_gmt":"2019-09-26T07:40:31","slug":"englischuebersetzer","status":"publish","type":"page","link":"https:\/\/www.translator.pl\/de\/angebot\/englischuebersetzer\/","title":{"rendered":"Englisch\u00fcbersetzer"},"content":{"rendered":"<p>Unsere Englisch-Abteilung wird von einer vereidigten \u00dcbersetzerin mit 30-j\u00e4hriger Erfahrung geleitet. <\/p>\n","protected":false},"excerpt":{"rendered":"<p>Unsere Englisch-Abteilung wird von einer vereidigten \u00dcbersetzerin mit 30-j\u00e4hriger Erfahrung geleitet.<\/p>\n","protected":false},"author":2,"featured_media":0,"parent":245,"menu_order":13,"comment_status":"closed","ping_status":"closed","template":"","meta":{"amp_status":""},"_links":{"self":[{"href":"https:\/\/www.translator.pl\/de\/wp-json\/wp\/v2\/pages\/804"}],"collection":[{"href":"https:\/\/www.translator.pl\/de\/wp-json\/wp\/v2\/pages"}],"about":[{"href":"https:\/\/www.translator.pl\/de\/wp-json\/wp\/v2\/types\/page"}],"author":[{"embeddable":true,"href":"https:\/\/www.translator.pl\/de\/wp-json\/wp\/v2\/users\/2"}],"replies":[{"embeddable":true,"href":"https:\/\/www.translator.pl\/de\/wp-json\/wp\/v2\/comments?post=804"}],"version-history":[{"count":1,"href":"https:\/\/www.translator.pl\/de\/wp-json\/wp\/v2\/pages\/804\/revisions"}],"predecessor-version":[{"id":805,"href":"https:\/\/www.translator.pl\/de\/wp-json\/wp\/v2\/pages\/804\/revisions\/805"}],"up":[{"embeddable":true,"href":"https:\/\/www.translator.pl\/de\/wp-json\/wp\/v2\/pages\/245"}],"wp:attachment":[{"href":"https:\/\/www.translator.pl\/de\/wp-json\/wp\/v2\/media?parent=804"}],"curies":[{"name":"wp","href":"https:\/\/api.w.org\/{rel}","templated":true}]}}