{"id":940,"date":"2022-12-23T12:48:19","date_gmt":"2022-12-23T11:48:19","guid":{"rendered":"https:\/\/www.translator.pl\/kontakt-gdansk\/"},"modified":"2022-12-27T14:00:33","modified_gmt":"2022-12-27T13:00:33","slug":"kontakt-gdansk","status":"publish","type":"page","link":"https:\/\/www.translator.pl\/de\/kontakt-gdansk\/","title":{"rendered":"Kontakt Gda\u0144sk"},"content":{"rendered":"<h2>Kontaktformular<\/h2>\n<p>Suchen Sie nach einem Job, klicken Sie auf:&nbsp;<a class=\"button-2\" style=\"margin: 0 5px;\" href=\"http:\/\/www.translator.pl\/de\/rekrutierung-form\/\">Karriere<\/a>.<\/p>\n<p>F\u00fcr weitere Fragen nutzen Sie bitte das nachfolgende Kontaktformular.<br \/>\n<div role=\"form\" class=\"wpcf7\" id=\"wpcf7-f924-o1\" lang=\"pl-PL\" dir=\"ltr\">\n<div class=\"screen-reader-response\"><\/div>\n<form action=\"\/de\/wp-json\/wp\/v2\/pages\/940#wpcf7-f924-o1\" method=\"post\" class=\"wpcf7-form\" enctype=\"multipart\/form-data\" novalidate=\"novalidate\">\n<div style=\"display: none;\">\n<input type=\"hidden\" name=\"_wpcf7\" value=\"924\" \/>\n<input type=\"hidden\" name=\"_wpcf7_version\" value=\"4.9\" \/>\n<input type=\"hidden\" name=\"_wpcf7_locale\" value=\"pl_PL\" \/>\n<input type=\"hidden\" name=\"_wpcf7_unit_tag\" value=\"wpcf7-f924-o1\" \/>\n<input type=\"hidden\" name=\"_wpcf7_container_post\" value=\"0\" \/>\n<\/div>\n<div class=\"wpcf7-response-output wpcf7-display-none\"><\/div>\n<div class=\"form-item\">\n<label for=\"imie-nazwisko\"><span>Vor- und Zuname<i>*<\/i><\/span><\/label>\n<span class=\"wpcf7-form-control-wrap imie-nazwisko\"><input type=\"text\" name=\"imie-nazwisko\" value=\"\" size=\"40\" class=\"wpcf7-form-control wpcf7-text wpcf7-validates-as-required\" id=\"imie-nazwisko\" aria-required=\"true\" aria-invalid=\"false\" placeholder=\"Geben Sie Ihren Vor- und Zunamen ein\" \/><\/span>\n<\/div>\n<div class=\"form-item\">\n<label for=\"email\"><span>E-mail<i>*<\/i><\/span><\/label>\n<span class=\"wpcf7-form-control-wrap email\"><input type=\"email\" name=\"email\" value=\"\" size=\"40\" class=\"wpcf7-form-control wpcf7-text wpcf7-email wpcf7-validates-as-required wpcf7-validates-as-email\" id=\"email\" aria-required=\"true\" aria-invalid=\"false\" placeholder=\"Geben Sie Ihre E-Mail-Adresse ein\" \/><\/span>\n<\/div>\n<div class=\"form-item\">\n<label for=\"telefon\"><span>Telefon<\/span><\/label>\n<span class=\"wpcf7-form-control-wrap telefon\"><input type=\"text\" name=\"telefon\" value=\"\" size=\"40\" class=\"wpcf7-form-control wpcf7-text\" id=\"telefon\" aria-invalid=\"false\" placeholder=\"Geben Sie Ihre Telefonnummer ein\" \/><\/span>\n<\/div>\n<div class=\"form-item\">\n<label for=\"wiadomosc\"><span>Nachricht<\/span><\/label>\n<span class=\"wpcf7-form-control-wrap wiadomosc\"><textarea name=\"wiadomosc\" cols=\"40\" rows=\"10\" class=\"wpcf7-form-control wpcf7-textarea\" id=\"wiadomosc\" aria-invalid=\"false\" placeholder=\"Geben Sie Ihre Nachricht ein\"><\/textarea><\/span>\n<\/div>\n<div class=\"form-item\">\n<label for=\"plik\"><span>Datei hochladen<\/span><\/label>\n<span class=\"wpcf7-form-control-wrap plik\"><input type=\"file\" name=\"plik\" size=\"40\" class=\"wpcf7-form-control wpcf7-file\" id=\"plik\" aria-invalid=\"false\" \/><\/span>\n<\/div>\n<div class=\"actions\">\n<div class=\"wpcf7-form-control-wrap\"><div data-sitekey=\"6LdB4QgUAAAAAFUi3xLtpP8y_xyDiohyhBhUi-fQ\" class=\"wpcf7-form-control g-recaptcha wpcf7-recaptcha\"><\/div>\n<noscript>\n\t<div style=\"width: 302px; height: 422px;\">\n\t\t<div style=\"width: 302px; height: 422px; position: relative;\">\n\t\t\t<div style=\"width: 302px; height: 422px; position: absolute;\">\n\t\t\t\t<iframe src=\"https:\/\/www.google.com\/recaptcha\/api\/fallback?k=6LdB4QgUAAAAAFUi3xLtpP8y_xyDiohyhBhUi-fQ\" frameborder=\"0\" scrolling=\"no\" style=\"width: 302px; height:422px; border-style: none;\">\n\t\t\t\t<\/iframe>\n\t\t\t<\/div>\n\t\t\t<div style=\"width: 300px; height: 60px; border-style: none; bottom: 12px; left: 25px; margin: 0px; padding: 0px; right: 25px; background: #f9f9f9; border: 1px solid #c1c1c1; border-radius: 3px;\">\n\t\t\t\t<textarea id=\"g-recaptcha-response\" name=\"g-recaptcha-response\" class=\"g-recaptcha-response\" style=\"width: 250px; height: 40px; border: 1px solid #c1c1c1; margin: 10px 25px; padding: 0px; resize: none;\">\n\t\t\t\t<\/textarea>\n\t\t\t<\/div>\n\t\t<\/div>\n\t<\/div>\n<\/noscript>\n<\/div>\n<button type=\"submit\">Senden<\/button>\n<\/div><\/form><\/div><\/p>\n<div class=\"col2-set contact-columns\">\n<div>\n<h3>B\u00fcro Gda\u0144sk<\/h3>\n<p>tel.\/fax <a href=\"tel:+48583460291\">+48 58 346 02 91<\/a><br \/>\ntel.\/fax <a href=\"tel:+48583441605\">+48 58 344 16 05<\/a><br \/>\nmobil <a href=\"tel:+48883636669\">+48 530 313 717<\/a><br \/>\nemail: <a href=\"mailto:ste@translator.pl\">ste@translator.pl<\/a><br \/>\nOffen Mo-Fr 9:00 &#8211; 16:00<\/p>\n<p>Biuro T\u0142umacze\u0144 B&amp;S Stefan \u015awi\u0119tochowski<br \/>\nUl. Grunwaldzka 102 pok. 18<br \/>\n80-244 Gda\u0144sk<\/p>\n<\/div>\n<div>\nKONTOVERBINDUNG F\u00dcR \u00dcBERWEISUNGEN IN POLEN<\/p>\n<p>Name und Adresse des Kontoinhabers:<br \/>\nBiuro T\u0142umacze\u0144 B&amp;S Stefan \u015awi\u0119tochowski<br \/>\nGrunwaldzka 102 pok. 18<br \/>\n80-244 Gda\u0144sk<\/p>\n<p>mBank S.A<br \/>\n17 1140 2017 0000 4802 0382 7185<\/p>\n<p>KONTOVERBINDUNG F\u00dcR AUSLANDS\u00dcBERWEISUNGEN<\/p>\n<p>Name der Bank:<br \/>\nmBank S.A. FORMERLY BRE BANK S.A.<br \/>\n(RETAIL BANKING)<\/p>\n<p>Anschrift der Bank:<br \/>\nLODZ, Skrytka pocztowa 2108, 90-959 \u0141\u00f3d\u017a 2<br \/>\nIBAN: PL 17 1140 2017 0000 4802 0382 7185<br \/>\nSWIFT: BREXPLPWMUL<\/p>\n<\/div>\n<\/div>\n","protected":false},"excerpt":{"rendered":"<p>Kontaktformular Suchen Sie nach einem Job, klicken Sie auf:&nbsp;Karriere. F\u00fcr weitere Fragen nutzen Sie bitte das nachfolgende Kontaktformular. B\u00fcro Gda\u0144sk tel.\/fax +48 58 346 02 91 tel.\/fax +48 58 344 16 05 mobil +48 530 313 717 email: ste@translator.pl Offen Mo-Fr 9:00 &#8211; 16:00 Biuro T\u0142umacze\u0144 B&amp;S Stefan \u015awi\u0119tochowski Ul. Grunwaldzka 102 pok. 18 80-244 [&hellip;]<\/p>\n","protected":false},"author":2,"featured_media":0,"parent":0,"menu_order":0,"comment_status":"closed","ping_status":"closed","template":"","meta":{"amp_status":""},"_links":{"self":[{"href":"https:\/\/www.translator.pl\/de\/wp-json\/wp\/v2\/pages\/940"}],"collection":[{"href":"https:\/\/www.translator.pl\/de\/wp-json\/wp\/v2\/pages"}],"about":[{"href":"https:\/\/www.translator.pl\/de\/wp-json\/wp\/v2\/types\/page"}],"author":[{"embeddable":true,"href":"https:\/\/www.translator.pl\/de\/wp-json\/wp\/v2\/users\/2"}],"replies":[{"embeddable":true,"href":"https:\/\/www.translator.pl\/de\/wp-json\/wp\/v2\/comments?post=940"}],"version-history":[{"count":7,"href":"https:\/\/www.translator.pl\/de\/wp-json\/wp\/v2\/pages\/940\/revisions"}],"predecessor-version":[{"id":1000,"href":"https:\/\/www.translator.pl\/de\/wp-json\/wp\/v2\/pages\/940\/revisions\/1000"}],"wp:attachment":[{"href":"https:\/\/www.translator.pl\/de\/wp-json\/wp\/v2\/media?parent=940"}],"curies":[{"name":"wp","href":"https:\/\/api.w.org\/{rel}","templated":true}]}}