{"id":944,"date":"2022-12-23T12:20:23","date_gmt":"2022-12-23T11:20:23","guid":{"rendered":"https:\/\/www.translator.pl\/kontakt-gdynia\/"},"modified":"2022-12-27T14:03:33","modified_gmt":"2022-12-27T13:03:33","slug":"kontakt-gdynia","status":"publish","type":"page","link":"https:\/\/www.translator.pl\/de\/kontakt-gdynia\/","title":{"rendered":"Kontakt Gdynia"},"content":{"rendered":"<h2>Kontaktformular<\/h2>\n<p>Um den Preis zu berechnen, w\u00e4hlen Sie den Link: <a class=\"button-2\" style=\"margin: 0 5px;\" href=\"http:\/\/www.translator.pl\/de\/bewertung\/\">Kostensch\u00e4tzung<\/a>.<\/p>\n<p>Suchen Sie nach einem Job, klicken Sie auf:&nbsp;<a class=\"button-2\" style=\"margin: 0 5px;\" href=\"http:\/\/www.translator.pl\/de\/rekrutierung-form\/\">Karriere<\/a>.<\/p>\n<p>F\u00fcr weitere Fragen nutzen Sie bitte das nachfolgende Kontaktformular.<br \/>\n<div role=\"form\" class=\"wpcf7\" id=\"wpcf7-f923-o1\" lang=\"pl-PL\" dir=\"ltr\">\n<div class=\"screen-reader-response\"><\/div>\n<form action=\"\/de\/wp-json\/wp\/v2\/pages\/944#wpcf7-f923-o1\" method=\"post\" class=\"wpcf7-form\" enctype=\"multipart\/form-data\" novalidate=\"novalidate\">\n<div style=\"display: none;\">\n<input type=\"hidden\" name=\"_wpcf7\" value=\"923\" \/>\n<input type=\"hidden\" name=\"_wpcf7_version\" value=\"4.9\" \/>\n<input type=\"hidden\" name=\"_wpcf7_locale\" value=\"pl_PL\" \/>\n<input type=\"hidden\" name=\"_wpcf7_unit_tag\" value=\"wpcf7-f923-o1\" \/>\n<input type=\"hidden\" name=\"_wpcf7_container_post\" value=\"0\" \/>\n<\/div>\n<div class=\"wpcf7-response-output wpcf7-display-none\"><\/div>\n<div class=\"form-item\">\n<label for=\"imie-nazwisko\"><span>Vor- und Zuname<i>*<\/i><\/span><\/label>\n<span class=\"wpcf7-form-control-wrap imie-nazwisko\"><input type=\"text\" name=\"imie-nazwisko\" value=\"\" size=\"40\" class=\"wpcf7-form-control wpcf7-text wpcf7-validates-as-required\" id=\"imie-nazwisko\" aria-required=\"true\" aria-invalid=\"false\" placeholder=\"Geben Sie Ihren Vor- und Zunamen ein\" \/><\/span>\n<\/div>\n<div class=\"form-item\">\n<label for=\"email\"><span>E-mail<i>*<\/i><\/span><\/label>\n<span class=\"wpcf7-form-control-wrap email\"><input type=\"email\" name=\"email\" value=\"\" size=\"40\" class=\"wpcf7-form-control wpcf7-text wpcf7-email wpcf7-validates-as-required wpcf7-validates-as-email\" id=\"email\" aria-required=\"true\" aria-invalid=\"false\" placeholder=\"Geben Sie Ihre E-Mail-Adresse ein\" \/><\/span>\n<\/div>\n<div class=\"form-item\">\n<label for=\"telefon\"><span>Telefon<\/span><\/label>\n<span class=\"wpcf7-form-control-wrap telefon\"><input type=\"text\" name=\"telefon\" value=\"\" size=\"40\" class=\"wpcf7-form-control wpcf7-text\" id=\"telefon\" aria-invalid=\"false\" placeholder=\"Geben Sie Ihre Telefonnummer ein\" \/><\/span>\n<\/div>\n<div class=\"form-item\">\n<label for=\"wiadomosc\"><span>Nachricht<\/span><\/label>\n<span class=\"wpcf7-form-control-wrap wiadomosc\"><textarea name=\"wiadomosc\" cols=\"40\" rows=\"10\" class=\"wpcf7-form-control wpcf7-textarea\" id=\"wiadomosc\" aria-invalid=\"false\" placeholder=\"Geben Sie Ihre Nachricht ein\"><\/textarea><\/span>\n<\/div>\n<div class=\"form-item\">\n<label for=\"plik\"><span>Datei hochladen<\/span><\/label>\n<span class=\"wpcf7-form-control-wrap plik\"><input type=\"file\" name=\"plik\" size=\"40\" class=\"wpcf7-form-control wpcf7-file\" id=\"plik\" aria-invalid=\"false\" \/><\/span>\n<\/div>\n<div class=\"actions\">\n<div class=\"wpcf7-form-control-wrap\"><div data-sitekey=\"6LdB4QgUAAAAAFUi3xLtpP8y_xyDiohyhBhUi-fQ\" class=\"wpcf7-form-control g-recaptcha wpcf7-recaptcha\"><\/div>\n<noscript>\n\t<div style=\"width: 302px; height: 422px;\">\n\t\t<div style=\"width: 302px; height: 422px; position: relative;\">\n\t\t\t<div style=\"width: 302px; height: 422px; position: absolute;\">\n\t\t\t\t<iframe src=\"https:\/\/www.google.com\/recaptcha\/api\/fallback?k=6LdB4QgUAAAAAFUi3xLtpP8y_xyDiohyhBhUi-fQ\" frameborder=\"0\" scrolling=\"no\" style=\"width: 302px; height:422px; border-style: none;\">\n\t\t\t\t<\/iframe>\n\t\t\t<\/div>\n\t\t\t<div style=\"width: 300px; height: 60px; border-style: none; bottom: 12px; left: 25px; margin: 0px; padding: 0px; right: 25px; background: #f9f9f9; border: 1px solid #c1c1c1; border-radius: 3px;\">\n\t\t\t\t<textarea id=\"g-recaptcha-response\" name=\"g-recaptcha-response\" class=\"g-recaptcha-response\" style=\"width: 250px; height: 40px; border: 1px solid #c1c1c1; margin: 10px 25px; padding: 0px; resize: none;\">\n\t\t\t\t<\/textarea>\n\t\t\t<\/div>\n\t\t<\/div>\n\t<\/div>\n<\/noscript>\n<\/div>\n<button type=\"submit\">Senden<\/button>\n<\/div><\/form><\/div><\/p>\n<div class=\"col2-set contact-columns\">\n<div>\n<h3>B\u00fcro Gdynia<\/h3>\n<p>tel. <a href=\"tel:+48586205072\">+48 58 620 50 72<\/a><br \/>\nfax <a href=\"tel:+48586612210\">+48 58 661 22 10<br \/>\n<\/a>mobil: <a href=\"tel:+48883636669\">+48 883 63 66 69<\/a><a href=\"tel:+48586612210\"><br \/>\n<\/a>email: <a href=\"mailto:bis@translator.pl\">biuro@translator.pl<\/a><a href=\"tel:+48586612210\"><br \/>\n<\/a>Offen Mo-Fr 8:15 &#8211; 16:00<\/p>\n<p>SKRYBA Bo\u017cena Pudlik<br \/>\nUl. Starowiejska 28pp<br \/>\n81-356 Gdynia<\/p>\n<\/div>\n<div>\nKONTOVERBINDUNG F\u00dcR \u00dcBERWEISUNGEN IN POLEN<\/p>\n<p>Name und Adresse des Kontoinhabers:<br \/>\nSKRYBA Bo\u017cena Pudlik<br \/>\nUl. Starowiejska 28pp<br \/>\n81-356 Gdynia<\/p>\n<p>mBank S.A<br \/>\n80 1140 2017 0000 4502 0245 2290<\/p>\n<p>KONTOVERBINDUNG F\u00dcR AUSLANDS\u00dcBERWEISUNGEN<\/p>\n<p>Name der Bank:<br \/>\nmBank S.A. FORMERLY BRE BANK S.A.<br \/>\n(RETAIL BANKING)<\/p>\n<p>Anschrift der Bank:<br \/>\nLODZ, Skrytka pocztowa 2108, 90-959 \u0141\u00f3d\u017a 2<br \/>\nIBAN: PL 80 1140 2017 0000 4502 0245 2290<br \/>\nSWIFT: BREXPLPWMUL<\/p>\n<\/div>\n<\/div>\n","protected":false},"excerpt":{"rendered":"<p>Kontaktformular Um den Preis zu berechnen, w\u00e4hlen Sie den Link: Kostensch\u00e4tzung. Suchen Sie nach einem Job, klicken Sie auf:&nbsp;Karriere. F\u00fcr weitere Fragen nutzen Sie bitte das nachfolgende Kontaktformular. B\u00fcro Gdynia tel. +48 58 620 50 72 fax +48 58 661 22 10 mobil: +48 883 63 66 69 email: biuro@translator.pl Offen Mo-Fr 8:15 &#8211; 16:00 [&hellip;]<\/p>\n","protected":false},"author":2,"featured_media":0,"parent":0,"menu_order":0,"comment_status":"closed","ping_status":"closed","template":"","meta":{"amp_status":""},"_links":{"self":[{"href":"https:\/\/www.translator.pl\/de\/wp-json\/wp\/v2\/pages\/944"}],"collection":[{"href":"https:\/\/www.translator.pl\/de\/wp-json\/wp\/v2\/pages"}],"about":[{"href":"https:\/\/www.translator.pl\/de\/wp-json\/wp\/v2\/types\/page"}],"author":[{"embeddable":true,"href":"https:\/\/www.translator.pl\/de\/wp-json\/wp\/v2\/users\/2"}],"replies":[{"embeddable":true,"href":"https:\/\/www.translator.pl\/de\/wp-json\/wp\/v2\/comments?post=944"}],"version-history":[{"count":5,"href":"https:\/\/www.translator.pl\/de\/wp-json\/wp\/v2\/pages\/944\/revisions"}],"predecessor-version":[{"id":1003,"href":"https:\/\/www.translator.pl\/de\/wp-json\/wp\/v2\/pages\/944\/revisions\/1003"}],"wp:attachment":[{"href":"https:\/\/www.translator.pl\/de\/wp-json\/wp\/v2\/media?parent=944"}],"curies":[{"name":"wp","href":"https:\/\/api.w.org\/{rel}","templated":true}]}}