{"id":186,"date":"2016-03-01T11:25:55","date_gmt":"2016-03-01T10:25:55","guid":{"rendered":"http:\/\/www.translator.pl\/en\/?page_id=186"},"modified":"2022-07-03T22:35:32","modified_gmt":"2022-07-03T20:35:32","slug":"contact","status":"publish","type":"page","link":"https:\/\/www.translator.pl\/en\/contact\/","title":{"rendered":"Contact us"},"content":{"rendered":"<h2>Contact form<\/h2>\n<p>To get a quote, click <a class=\"button-2\" style=\"margin: 0 5px;\" href=\"http:\/\/www.translator.pl\/en\/instant-quote-online\/\">pricing<\/a>.<\/p>\n<p>If you are looking for a job, click <a class=\"button-2\" style=\"margin: 0 5px;\" href=\"http:\/\/www.translator.pl\/en\/recruitment-form\/\">career<\/a>.<\/p>\n<p>To write about other matters, use the following contact form<br \/>\n<div role=\"form\" class=\"wpcf7\" id=\"wpcf7-f487-o1\" lang=\"pl-PL\" dir=\"ltr\">\n<div class=\"screen-reader-response\"><\/div>\n<form action=\"\/en\/wp-json\/wp\/v2\/pages\/186#wpcf7-f487-o1\" method=\"post\" class=\"wpcf7-form\" enctype=\"multipart\/form-data\" novalidate=\"novalidate\">\n<div style=\"display: none;\">\n<input type=\"hidden\" name=\"_wpcf7\" value=\"487\" \/>\n<input type=\"hidden\" name=\"_wpcf7_version\" value=\"4.9\" \/>\n<input type=\"hidden\" name=\"_wpcf7_locale\" value=\"pl_PL\" \/>\n<input type=\"hidden\" name=\"_wpcf7_unit_tag\" value=\"wpcf7-f487-o1\" \/>\n<input type=\"hidden\" name=\"_wpcf7_container_post\" value=\"0\" \/>\n<\/div>\n<div class=\"wpcf7-response-output wpcf7-display-none\"><\/div>\n<div class=\"form-item\">\n<label for=\"imie-nazwisko\"><span>Full name<i>*<\/i><\/span><\/label>\n<span class=\"wpcf7-form-control-wrap imie-nazwisko\"><input type=\"text\" name=\"imie-nazwisko\" value=\"\" size=\"40\" class=\"wpcf7-form-control wpcf7-text wpcf7-validates-as-required\" id=\"imie-nazwisko\" aria-required=\"true\" aria-invalid=\"false\" placeholder=\"Enter your full name\" \/><\/span>\n<\/div>\n<div class=\"form-item\">\n<label for=\"email\"><span>E-mail address<i>*<\/i><\/span><\/label>\n<span class=\"wpcf7-form-control-wrap email\"><input type=\"email\" name=\"email\" value=\"\" size=\"40\" class=\"wpcf7-form-control wpcf7-text wpcf7-email wpcf7-validates-as-required wpcf7-validates-as-email\" id=\"email\" aria-required=\"true\" aria-invalid=\"false\" placeholder=\"Enter your e-mail address\" \/><\/span>\n<\/div>\n<div class=\"form-item\">\n<label for=\"telefon\"><span>Phone number<\/span><\/label>\n<span class=\"wpcf7-form-control-wrap telefon\"><input type=\"text\" name=\"telefon\" value=\"\" size=\"40\" class=\"wpcf7-form-control wpcf7-text\" id=\"telefon\" aria-invalid=\"false\" placeholder=\"Enter your phone number\" \/><\/span>\n<\/div>\n<div class=\"form-item\">\n<label for=\"wiadomosc\"><span>Message<\/span><\/label>\n<span class=\"wpcf7-form-control-wrap wiadomosc\"><textarea name=\"wiadomosc\" cols=\"40\" rows=\"10\" class=\"wpcf7-form-control wpcf7-textarea\" id=\"wiadomosc\" aria-invalid=\"false\" placeholder=\"Insert message\"><\/textarea><\/span>\n<\/div>\n<div class=\"form-item\">\n<label for=\"plik\"><span>Attach file<\/span><\/label>\n<span class=\"wpcf7-form-control-wrap plik\"><input type=\"file\" name=\"plik\" size=\"40\" class=\"wpcf7-form-control wpcf7-file\" id=\"plik\" aria-invalid=\"false\" \/><\/span>\n<\/div>\n<div class=\"actions\">\n<div class=\"wpcf7-form-control-wrap\"><div data-sitekey=\"6LdB4QgUAAAAAFUi3xLtpP8y_xyDiohyhBhUi-fQ\" class=\"wpcf7-form-control g-recaptcha wpcf7-recaptcha\"><\/div>\n<noscript>\n\t<div style=\"width: 302px; height: 422px;\">\n\t\t<div style=\"width: 302px; height: 422px; position: relative;\">\n\t\t\t<div style=\"width: 302px; height: 422px; position: absolute;\">\n\t\t\t\t<iframe src=\"https:\/\/www.google.com\/recaptcha\/api\/fallback?k=6LdB4QgUAAAAAFUi3xLtpP8y_xyDiohyhBhUi-fQ\" frameborder=\"0\" scrolling=\"no\" style=\"width: 302px; height:422px; border-style: none;\">\n\t\t\t\t<\/iframe>\n\t\t\t<\/div>\n\t\t\t<div style=\"width: 300px; height: 60px; border-style: none; bottom: 12px; left: 25px; margin: 0px; padding: 0px; right: 25px; background: #f9f9f9; border: 1px solid #c1c1c1; border-radius: 3px;\">\n\t\t\t\t<textarea id=\"g-recaptcha-response\" name=\"g-recaptcha-response\" class=\"g-recaptcha-response\" style=\"width: 250px; height: 40px; border: 1px solid #c1c1c1; margin: 10px 25px; padding: 0px; resize: none;\">\n\t\t\t\t<\/textarea>\n\t\t\t<\/div>\n\t\t<\/div>\n\t<\/div>\n<\/noscript>\n<\/div>\n<button type=\"submit\">send<\/button>\n<\/div><\/form><\/div><\/p>\n<div class=\"col2-set contact-columns\">\n<div>\n<h3>Office in Gdynia<\/h3>\n<p>tel.: <a href=\"tel:+48586205072\">+48 58 620 50 72<\/a><br \/>\nfax: <a href=\"tel:+48586612210\">+48 58 661 22 10<\/a><br \/>\nmobile: <a href=\"tel:+48883636669\">+48 883 63 66 69<\/a><br \/>\nemail: <a href=\"mailto:biuro@translator.pl\">biuro@translator.pl<\/a><br \/>\nOpening times Monday-Friday: 8:15 &#8211; 16:00<\/p>\n<p>B&amp;S translator.pl<br \/>\nUl. Starowiejska 28 pp<br \/>\n81-356 Gdynia<\/p>\n<hr \/>\n<p>BANK ACCOUNT DETAILS FOR TRANSFERS MADE IN POLAND<\/p>\n<p>Name and address of the beneficiary:<br \/>\nSKRYBA<br \/>\nUl. Starowiejska 28 pp<br \/>\n81-356 Gdynia<\/p>\n<p>mBank S.A<br \/>\n80 1140 2017 0000 4502 0245 2290<\/p>\n<p>BANK ACCOUNT DETAILS FOR TRANSFERS MADE ABROAD<\/p>\n<p>Bank name:<br \/>\nmBank S.A. FORMERLY BRE BANK S.A.<br \/>\n(RETAIL BANKING)<\/p>\n<p>Bank address:<br \/>\nLODZ, Skrytka pocztowa 2108, 90-959 \u0141\u00f3d\u017a 2<br \/>\nIBAN: PL 17 1140 2017 0000 4802 0382 7185<br \/>\nSWIFT: BREXPLPWMUL<\/p>\n<\/div>\n<div>\n<h3>Office in Gda\u0144sk<\/h3>\n<p>tel\/fax: <a href=\"tel:+48583460291\">+48 58 346 02 91<\/a><br \/>\ntel\/fax: <a href=\"tel:+48583441605\">+48 58 344 16 05<\/a><br \/>\nmobile: <a href=\"tel:+48530313717\">+48 530 313 717<\/a><br \/>\nemail: <a href=\"mailto:ste@translator.pl\">ste@translator.pl<\/a><br \/>\nOpening times Monday-Friday: 9:00 \u2013 16:30<\/p>\n<p>Biuro T\u0142umacze\u0144 B&amp;S<br \/>\nUl. Grunwaldzka 102 unit 18<br \/>\n80-244 Gda\u0144sk<\/p>\n<hr \/>\n<p>BANK ACCOUNT DETAILS FOR TRANSFERS MADE IN POLAND<\/p>\n<p>Name and address of the beneficiary:<br \/>\nEqu-L<br \/>\nGrunwaldzka 102 unit 18<br \/>\n80-244 Gda\u0144sk<\/p>\n<p>mBank S.A<br \/>\n17 1140 2017 0000 4802 0382 7185<\/p>\n<p>BANK ACCOUNT DETAILS FOR TRANSFERS MADE ABROAD<\/p>\n<p>Bank name:<br \/>\nmBank S.A. FORMERLY BRE BANK S.A.<br \/>\n(RETAIL BANKING)<\/p>\n<p>Bank address:<br \/>\nLODZ, Skrytka pocztowa 2108, 90-959 \u0141\u00f3d\u017a 2<br \/>\nIBAN: PL 17 1140 2017 0000 4802 0382 7185<br \/>\nSWIFT: BREXPLPWMUL<\/p>\n<\/div>\n<\/div>\n","protected":false},"excerpt":{"rendered":"<p>Contact form To get a quote, click pricing. If you are looking for a job, click career. To write about other matters, use the following contact form Office in Gdynia tel.: +48 58 620 50 72 fax: +48 58 661 22 10 mobile: +48 883 63 66 69 email: biuro@translator.pl Opening times Monday-Friday: 8:15 &#8211; [&hellip;]<\/p>\n","protected":false},"author":2,"featured_media":0,"parent":0,"menu_order":10,"comment_status":"closed","ping_status":"closed","template":"page-kontakt.php","meta":{"amp_status":""},"_links":{"self":[{"href":"https:\/\/www.translator.pl\/en\/wp-json\/wp\/v2\/pages\/186"}],"collection":[{"href":"https:\/\/www.translator.pl\/en\/wp-json\/wp\/v2\/pages"}],"about":[{"href":"https:\/\/www.translator.pl\/en\/wp-json\/wp\/v2\/types\/page"}],"author":[{"embeddable":true,"href":"https:\/\/www.translator.pl\/en\/wp-json\/wp\/v2\/users\/2"}],"replies":[{"embeddable":true,"href":"https:\/\/www.translator.pl\/en\/wp-json\/wp\/v2\/comments?post=186"}],"version-history":[{"count":13,"href":"https:\/\/www.translator.pl\/en\/wp-json\/wp\/v2\/pages\/186\/revisions"}],"predecessor-version":[{"id":861,"href":"https:\/\/www.translator.pl\/en\/wp-json\/wp\/v2\/pages\/186\/revisions\/861"}],"wp:attachment":[{"href":"https:\/\/www.translator.pl\/en\/wp-json\/wp\/v2\/media?parent=186"}],"curies":[{"name":"wp","href":"https:\/\/api.w.org\/{rel}","templated":true}]}}