{"id":765,"date":"2018-09-07T16:44:21","date_gmt":"2018-09-07T14:44:21","guid":{"rendered":"http:\/\/www.translator.pl\/dziekujemy-oplacenie-zamowienia\/"},"modified":"2018-09-07T16:45:44","modified_gmt":"2018-09-07T14:45:44","slug":"zamowienie-oplacone","status":"publish","type":"page","link":"https:\/\/www.translator.pl\/en\/zamowienie-oplacone\/","title":{"rendered":"Dzi\u0119kujemy za op\u0142acenie zam\u00f3wienia."},"content":{"rendered":"<p class=\"h5h6\" style=\"text-align: center;\"><strong>Wkr\u00f3tce skontaktujemy si\u0119 z Pa\u0144stwem poczt\u0105 elektroniczn\u0105.<\/strong><\/p>\n<p>Zesp\u00f3\u0142 T\u0142umaczy<br \/>\nBiuro T\u0142umacze\u0144 B&amp;S<br \/>\nbiuro@translator.pl<br \/>\nwww.translator.pl<\/p>\n","protected":false},"excerpt":{"rendered":"<p>Wkr\u00f3tce skontaktujemy si\u0119 z Pa\u0144stwem poczt\u0105 elektroniczn\u0105. Zesp\u00f3\u0142 T\u0142umaczy Biuro T\u0142umacze\u0144 B&amp;S biuro@translator.pl www.translator.pl<\/p>\n","protected":false},"author":2,"featured_media":0,"parent":0,"menu_order":0,"comment_status":"closed","ping_status":"closed","template":"","meta":{"amp_status":""},"_links":{"self":[{"href":"https:\/\/www.translator.pl\/en\/wp-json\/wp\/v2\/pages\/765"}],"collection":[{"href":"https:\/\/www.translator.pl\/en\/wp-json\/wp\/v2\/pages"}],"about":[{"href":"https:\/\/www.translator.pl\/en\/wp-json\/wp\/v2\/types\/page"}],"author":[{"embeddable":true,"href":"https:\/\/www.translator.pl\/en\/wp-json\/wp\/v2\/users\/2"}],"replies":[{"embeddable":true,"href":"https:\/\/www.translator.pl\/en\/wp-json\/wp\/v2\/comments?post=765"}],"version-history":[{"count":1,"href":"https:\/\/www.translator.pl\/en\/wp-json\/wp\/v2\/pages\/765\/revisions"}],"predecessor-version":[{"id":767,"href":"https:\/\/www.translator.pl\/en\/wp-json\/wp\/v2\/pages\/765\/revisions\/767"}],"wp:attachment":[{"href":"https:\/\/www.translator.pl\/en\/wp-json\/wp\/v2\/media?parent=765"}],"curies":[{"name":"wp","href":"https:\/\/api.w.org\/{rel}","templated":true}]}}